{"id":72,"date":"2023-09-12T07:55:48","date_gmt":"2023-09-12T07:55:48","guid":{"rendered":"http:\/\/www.klausbuchner.de\/?page_id=72"},"modified":"2024-01-05T10:22:46","modified_gmt":"2024-01-05T08:22:46","slug":"unterricht","status":"publish","type":"page","link":"https:\/\/www.klausbuchner.de\/en\/unterricht\/","title":{"rendered":"Classes"},"content":{"rendered":"<div data-elementor-type=\"wp-page\" data-elementor-id=\"72\" class=\"elementor elementor-72\">\n\t\t\t\t\n<div class=\"elementor-element elementor-element-653ace2 e-con-full e-flex e-con e-parent\" data-id=\"653ace2\" data-element_type=\"container\" data-settings=\"{&quot;position&quot;:&quot;fixed&quot;,&quot;tmea_shape_divider_top&quot;:&quot;none&quot;,&quot;tmea_shape_divider_bottom&quot;:&quot;none&quot;}\">\n\t\t\t\t<div class=\"elementor-element elementor-element-72c74d0 exad-sticky-section-no exad-glass-effect-no elementor-widget elementor-widget-image\" data-id=\"72c74d0\" data-element_type=\"widget\" data-widget_type=\"image.default\">\n\t\t\t\t<div class=\"elementor-widget-container\">\n\t\t\t\t\t\t\t\t\t\t\t\t\t\t\t<img decoding=\"async\" width=\"200\" height=\"150\" src=\"https:\/\/www.klausbuchner.de\/wp-content\/uploads\/2023\/09\/logo.png\" class=\"attachment-large size-large wp-image-833\" alt=\"\" srcset=\"https:\/\/www.klausbuchner.de\/wp-content\/uploads\/2023\/09\/logo.png 200w, https:\/\/www.klausbuchner.de\/wp-content\/uploads\/2023\/09\/logo-16x12.png 16w\" sizes=\"(max-width: 200px) 100vw, 200px\" \/>\t\t\t\t\t\t\t\t\t\t\t\t\t\t\t<\/div>\n\t\t\t\t<\/div>\n\t\t\t\t<\/div>\n\t\t<div class=\"elementor-element elementor-element-c2b1966 e-con-full elementor-hidden-desktop e-flex e-con e-parent\" data-id=\"c2b1966\" data-element_type=\"container\" data-settings=\"{&quot;position&quot;:&quot;fixed&quot;,&quot;tmea_shape_divider_top&quot;:&quot;none&quot;,&quot;tmea_shape_divider_bottom&quot;:&quot;none&quot;}\">\n\t\t\n\t\t<div class=\"elementor-element elementor-element-13109ac exad-sticky-section-no exad-glass-effect-no elementor-widget elementor-widget-text-editor\" data-id=\"13109ac\" data-element_type=\"widget\" data-widget_type=\"text-editor.default\">\n\t\t\t\t<div class=\"elementor-widget-container\">\n\t\t\t\t\t\t\t\t\t<p style=\"text-align: center;\"><span style=\"color: #ffffff;\"><strong>K<\/strong> <strong>B <\/strong><strong>M<\/strong><\/span><\/p>\t\t\t\t\t\t\t\t<\/div>\n\t\t\t\t<\/div>\n\t\t\t\t<\/div>\n\t\t<div class=\"elementor-element elementor-element-20d17ed e-con-full elementor-hidden-tablet elementor-hidden-mobile e-flex e-con e-parent\" data-id=\"20d17ed\" data-element_type=\"container\" data-settings=\"{&quot;position&quot;:&quot;fixed&quot;,&quot;tmea_shape_divider_top&quot;:&quot;none&quot;,&quot;tmea_shape_divider_bottom&quot;:&quot;none&quot;}\">\n\t\t\t\t<div class=\"elementor-element elementor-element-e3a1bfe exad-sticky-section-no exad-glass-effect-no elementor-widget elementor-widget-text-editor\" data-id=\"e3a1bfe\" data-element_type=\"widget\" data-widget_type=\"text-editor.default\">\n\t\t\t\t<div class=\"elementor-widget-container\">\n\t\t\t\t\t\t\t\t\t<p style=\"text-align: center;\"><span style=\"color: #ffffff;\"><strong>K<\/strong><small>LAUS<\/small> <strong>B<\/strong><small>UCHNER <\/small><strong>M<\/strong><small>USIC<\/small><\/span><\/p>\t\t\t\t\t\t\t\t<\/div>\n\t\t\t\t<\/div>\n\t\t\t\t<\/div>\n\t\t<div class=\"elementor-element elementor-element-8d73bd9 e-con-full e-flex e-con e-parent\" data-id=\"8d73bd9\" data-element_type=\"container\" data-settings=\"{&quot;position&quot;:&quot;fixed&quot;,&quot;tmea_shape_divider_top&quot;:&quot;none&quot;,&quot;tmea_shape_divider_bottom&quot;:&quot;none&quot;}\">\n\t\t\t\t<div class=\"elementor-element elementor-element-ecac27e elementor-hidden-mobile exad-sticky-section-no exad-glass-effect-no elementor-widget elementor-widget-image\" data-id=\"ecac27e\" data-element_type=\"widget\" data-widget_type=\"image.default\">\n\t\t\t\t<div class=\"elementor-widget-container\">\n\t\t\t\t\t\t\t\t\t\t\t\t\t\t\t<img decoding=\"async\" width=\"194\" height=\"150\" src=\"https:\/\/www.klausbuchner.de\/wp-content\/uploads\/2023\/09\/unterricht.png\" class=\"attachment-large size-large wp-image-1287\" alt=\"\" srcset=\"https:\/\/www.klausbuchner.de\/wp-content\/uploads\/2023\/09\/unterricht.png 194w, https:\/\/www.klausbuchner.de\/wp-content\/uploads\/2023\/09\/unterricht-16x12.png 16w\" sizes=\"(max-width: 194px) 100vw, 194px\" \/>\t\t\t\t\t\t\t\t\t\t\t\t\t\t\t<\/div>\n\t\t\t\t<\/div>\n\t\t\t\t<\/div>\n\t\t<div class=\"elementor-element elementor-element-0f62e03 e-con-full elementor-hidden-desktop elementor-hidden-tablet e-flex e-con e-parent\" data-id=\"0f62e03\" data-element_type=\"container\" data-settings=\"{&quot;tmea_shape_divider_top&quot;:&quot;none&quot;,&quot;tmea_shape_divider_bottom&quot;:&quot;none&quot;}\">\n\t\t\t\t<div class=\"elementor-element elementor-element-cee82ba exad-sticky-section-no exad-glass-effect-no elementor-widget elementor-widget-spacer\" data-id=\"cee82ba\" data-element_type=\"widget\" data-widget_type=\"spacer.default\">\n\t\t\t\t<div class=\"elementor-widget-container\">\n\t\t\t\t\t\t\t<div class=\"elementor-spacer\">\n\t\t\t<div class=\"elementor-spacer-inner\"><\/div>\n\t\t<\/div>\n\t\t\t\t\t\t<\/div>\n\t\t\t\t<\/div>\n\t\t\t\t<\/div>\n\t\t<div class=\"elementor-element elementor-element-b7a2b1e e-con-full e-flex e-con e-parent\" data-id=\"b7a2b1e\" data-element_type=\"container\" data-settings=\"{&quot;tmea_shape_divider_top&quot;:&quot;none&quot;,&quot;tmea_shape_divider_bottom&quot;:&quot;none&quot;}\">\n\t\t<div class=\"elementor-element elementor-element-b14b077 e-con-full e-flex e-con e-child\" data-id=\"b14b077\" data-element_type=\"container\" data-settings=\"{&quot;tmea_shape_divider_top&quot;:&quot;none&quot;,&quot;tmea_shape_divider_bottom&quot;:&quot;none&quot;}\">\n\t\t\t\t<div class=\"elementor-element elementor-element-2eda46c exad-sticky-section-no exad-glass-effect-no elementor-widget elementor-widget-image\" data-id=\"2eda46c\" data-element_type=\"widget\" data-widget_type=\"image.default\">\n\t\t\t\t<div class=\"elementor-widget-container\">\n\t\t\t\t\t\t\t\t\t\t\t\t\t\t\t\t<a href=\"http:\/\/www.klausbuchner.de\/wp-content\/uploads\/2023\/11\/20170610_152854-scaled.jpg\" data-elementor-open-lightbox=\"yes\" data-e-action-hash=\"#elementor-action%3Aaction%3Dlightbox%26settings%3DeyJpZCI6MjQ4MCwidXJsIjoiaHR0cHM6XC9cL3d3dy5rbGF1c2J1Y2huZXIuZGVcL3dwLWNvbnRlbnRcL3VwbG9hZHNcLzIwMjNcLzExXC8yMDE3MDYxMF8xNTI4NTQtc2NhbGVkLmpwZyJ9\">\n\t\t\t\t\t\t\t<img fetchpriority=\"high\" decoding=\"async\" width=\"1024\" height=\"576\" src=\"https:\/\/www.klausbuchner.de\/wp-content\/uploads\/2023\/11\/20170610_152854-1024x576.jpg\" class=\"attachment-large size-large wp-image-2480\" alt=\"\" srcset=\"https:\/\/www.klausbuchner.de\/wp-content\/uploads\/2023\/11\/20170610_152854-1024x576.jpg 1024w, https:\/\/www.klausbuchner.de\/wp-content\/uploads\/2023\/11\/20170610_152854-300x169.jpg 300w, https:\/\/www.klausbuchner.de\/wp-content\/uploads\/2023\/11\/20170610_152854-768x432.jpg 768w, https:\/\/www.klausbuchner.de\/wp-content\/uploads\/2023\/11\/20170610_152854-1536x864.jpg 1536w, https:\/\/www.klausbuchner.de\/wp-content\/uploads\/2023\/11\/20170610_152854-2048x1152.jpg 2048w, https:\/\/www.klausbuchner.de\/wp-content\/uploads\/2023\/11\/20170610_152854-18x10.jpg 18w\" sizes=\"(max-width: 1024px) 100vw, 1024px\" \/>\t\t\t\t\t\t\t\t<\/a>\n\t\t\t\t\t\t\t\t\t\t\t\t\t\t\t<\/div>\n\t\t\t\t<\/div>\n\t\t\t\t<div class=\"elementor-element elementor-element-e4008b5 exad-sticky-section-no exad-glass-effect-no elementor-widget elementor-widget-image\" data-id=\"e4008b5\" data-element_type=\"widget\" data-widget_type=\"image.default\">\n\t\t\t\t<div class=\"elementor-widget-container\">\n\t\t\t\t\t\t\t\t\t\t\t\t\t\t\t\t<a href=\"http:\/\/www.klausbuchner.de\/wp-content\/uploads\/2023\/11\/IMG_7722-2-scaled.jpg\" data-elementor-open-lightbox=\"yes\" data-e-action-hash=\"#elementor-action%3Aaction%3Dlightbox%26settings%3DeyJpZCI6MjQ4MiwidXJsIjoiaHR0cHM6XC9cL3d3dy5rbGF1c2J1Y2huZXIuZGVcL3dwLWNvbnRlbnRcL3VwbG9hZHNcLzIwMjNcLzExXC9JTUdfNzcyMi0yLXNjYWxlZC5qcGcifQ%3D%3D\">\n\t\t\t\t\t\t\t<img loading=\"lazy\" decoding=\"async\" width=\"1024\" height=\"683\" src=\"https:\/\/www.klausbuchner.de\/wp-content\/uploads\/2023\/11\/IMG_7722-2-1024x683.jpg\" class=\"attachment-large size-large wp-image-2482\" alt=\"\" srcset=\"https:\/\/www.klausbuchner.de\/wp-content\/uploads\/2023\/11\/IMG_7722-2-1024x683.jpg 1024w, https:\/\/www.klausbuchner.de\/wp-content\/uploads\/2023\/11\/IMG_7722-2-300x200.jpg 300w, https:\/\/www.klausbuchner.de\/wp-content\/uploads\/2023\/11\/IMG_7722-2-768x512.jpg 768w, https:\/\/www.klausbuchner.de\/wp-content\/uploads\/2023\/11\/IMG_7722-2-1536x1024.jpg 1536w, https:\/\/www.klausbuchner.de\/wp-content\/uploads\/2023\/11\/IMG_7722-2-2048x1365.jpg 2048w, https:\/\/www.klausbuchner.de\/wp-content\/uploads\/2023\/11\/IMG_7722-2-18x12.jpg 18w\" sizes=\"(max-width: 1024px) 100vw, 1024px\" \/>\t\t\t\t\t\t\t\t<\/a>\n\t\t\t\t\t\t\t\t\t\t\t\t\t\t\t<\/div>\n\t\t\t\t<\/div>\n\t\t\t\t<div class=\"elementor-element elementor-element-7063d00 exad-sticky-section-no exad-glass-effect-no elementor-widget elementor-widget-image\" data-id=\"7063d00\" data-element_type=\"widget\" data-widget_type=\"image.default\">\n\t\t\t\t<div class=\"elementor-widget-container\">\n\t\t\t\t\t\t\t\t\t\t\t\t\t\t\t\t<a href=\"http:\/\/www.klausbuchner.de\/wp-content\/uploads\/2023\/11\/IMG_8644.png\" data-elementor-open-lightbox=\"yes\" data-e-action-hash=\"#elementor-action%3Aaction%3Dlightbox%26settings%3DeyJpZCI6MjU3NiwidXJsIjoiaHR0cHM6XC9cL3d3dy5rbGF1c2J1Y2huZXIuZGVcL3dwLWNvbnRlbnRcL3VwbG9hZHNcLzIwMjNcLzExXC9JTUdfODY0NC5wbmcifQ%3D%3D\">\n\t\t\t\t\t\t\t<img loading=\"lazy\" decoding=\"async\" width=\"1024\" height=\"768\" src=\"https:\/\/www.klausbuchner.de\/wp-content\/uploads\/2023\/11\/IMG_8644-1024x768.png\" class=\"attachment-large size-large wp-image-2576\" alt=\"\" srcset=\"https:\/\/www.klausbuchner.de\/wp-content\/uploads\/2023\/11\/IMG_8644-1024x768.png 1024w, https:\/\/www.klausbuchner.de\/wp-content\/uploads\/2023\/11\/IMG_8644-300x225.png 300w, https:\/\/www.klausbuchner.de\/wp-content\/uploads\/2023\/11\/IMG_8644-768x576.png 768w, https:\/\/www.klausbuchner.de\/wp-content\/uploads\/2023\/11\/IMG_8644-1536x1152.png 1536w, https:\/\/www.klausbuchner.de\/wp-content\/uploads\/2023\/11\/IMG_8644-2048x1536.png 2048w, https:\/\/www.klausbuchner.de\/wp-content\/uploads\/2023\/11\/IMG_8644-16x12.png 16w\" sizes=\"(max-width: 1024px) 100vw, 1024px\" \/>\t\t\t\t\t\t\t\t<\/a>\n\t\t\t\t\t\t\t\t\t\t\t\t\t\t\t<\/div>\n\t\t\t\t<\/div>\n\t\t\t\t<\/div>\n\t\t<div class=\"elementor-element elementor-element-e01a85e e-con-full e-flex e-con e-child\" data-id=\"e01a85e\" data-element_type=\"container\" data-settings=\"{&quot;tmea_shape_divider_top&quot;:&quot;none&quot;,&quot;tmea_shape_divider_bottom&quot;:&quot;none&quot;}\">\n\t\t\t\t<div class=\"elementor-element elementor-element-e13748f exad-sticky-section-no exad-glass-effect-no elementor-widget elementor-widget-heading\" data-id=\"e13748f\" data-element_type=\"widget\" data-widget_type=\"heading.default\">\n\t\t\t\t<div class=\"elementor-widget-container\">\n\t\t\t\t\t<h3 class=\"elementor-heading-title elementor-size-default\">Classes<\/h3>\t\t\t\t<\/div>\n\t\t\t\t<\/div>\n\t\t\t\t<div class=\"elementor-element elementor-element-5ccea8c elementor-widget__width-initial exad-sticky-section-no exad-glass-effect-no elementor-widget elementor-widget-text-editor\" data-id=\"5ccea8c\" data-element_type=\"widget\" data-widget_type=\"text-editor.default\">\n\t\t\t\t<div class=\"elementor-widget-container\">\n\t\t\t\t\t\t\t\t\t<p><em>Music expresses what cannot be said and what is impossible to be silent about.<\/em><br \/>Victor Hugo<\/p><p><em>Music is your own experience, your thoughts, your wisdom. If you don't live it, it won't come out of your instrument.<\/em> <br \/>Charlie Parker<\/p><p>Music is for you .......- If you want to experience and live music, the best way to do that is to learn and play an instrument. You dive into a process in which you not only deal with the instrument, but also with yourself again and again. I can accompany you in this process.<\/p><p>As an instrumental pedagogue for saxophone I have many years of professional experience. Currently I teach as a private teacher, at the Baden Conservatory in Karlsruhe and at the Helmholtz Music High School. In addition, I give saxophone workshops and workshops for handpan.<\/p><p class=\"translation-block\">If you are interested in the saxophone or handpan, want to learn either instrument, or just have a question about it, feel free to <a href=\"http:\/\/www.klausbuchner.de\/en\/kontakt\/\" target=\"_self\">contact<\/a> me or sign up for the <a href=\"http:\/\/www.klausbuchner.de\/en\/newsletter\/\" target=\"_self\">newsletter<\/a>.<\/p>\t\t\t\t\t\t\t\t<\/div>\n\t\t\t\t<\/div>\n\t\t\t\t<\/div>\n\t\t\t\t<\/div>\n\t\t\t\t<\/div>","protected":false},"excerpt":{"rendered":"<p>K B M KLAUS BUCHNER MUSIC Unterricht Musik dr\u00fcckt das aus, was nicht gesagt werden kann und wor\u00fcber zu schweigen unm\u00f6glich ist.Victor Hugo Musik ist deine eigene Erfahrung, deine Gedanken, deine Weisheit. Wenn du es nicht lebst, kommt es nicht <span class=\"excerpt-dots\">&hellip;<\/span> <a class=\"more-link\" href=\"https:\/\/www.klausbuchner.de\/en\/unterricht\/\"><span class=\"more-msg\">Continue reading &rarr;<\/span><\/a><\/p>","protected":false},"author":1,"featured_media":0,"parent":0,"menu_order":5,"comment_status":"closed","ping_status":"closed","template":"","meta":{"footnotes":""},"class_list":["post-72","page","type-page","status-publish","hentry"],"_links":{"self":[{"href":"https:\/\/www.klausbuchner.de\/en\/wp-json\/wp\/v2\/pages\/72","targetHints":{"allow":["GET"]}}],"collection":[{"href":"https:\/\/www.klausbuchner.de\/en\/wp-json\/wp\/v2\/pages"}],"about":[{"href":"https:\/\/www.klausbuchner.de\/en\/wp-json\/wp\/v2\/types\/page"}],"author":[{"embeddable":true,"href":"https:\/\/www.klausbuchner.de\/en\/wp-json\/wp\/v2\/users\/1"}],"replies":[{"embeddable":true,"href":"https:\/\/www.klausbuchner.de\/en\/wp-json\/wp\/v2\/comments?post=72"}],"version-history":[{"count":59,"href":"https:\/\/www.klausbuchner.de\/en\/wp-json\/wp\/v2\/pages\/72\/revisions"}],"predecessor-version":[{"id":2582,"href":"https:\/\/www.klausbuchner.de\/en\/wp-json\/wp\/v2\/pages\/72\/revisions\/2582"}],"wp:attachment":[{"href":"https:\/\/www.klausbuchner.de\/en\/wp-json\/wp\/v2\/media?parent=72"}],"curies":[{"name":"wp","href":"https:\/\/api.w.org\/{rel}","templated":true}]}}